{"id":621,"date":"2019-05-09T10:55:31","date_gmt":"2019-05-09T08:55:31","guid":{"rendered":"https:\/\/www.mooveon.hr\/?page_id=621"},"modified":"2024-02-23T12:08:02","modified_gmt":"2024-02-23T11:08:02","slug":"contact","status":"publish","type":"page","link":"https:\/\/www.mooveon.hr\/en\/contact\/","title":{"rendered":"Contact"},"content":{"rendered":"\n<p class=\"px-3 px-md-0\">Moove On team is here for you. Ask us whatever you would like to know about inovative solutions for your carefree driving experience.<\/p>\n\n\n\n<div style=\"height:50px\" aria-hidden=\"true\" class=\"wp-block-spacer\"><\/div>\n\n\n\n<div class=\"wpcf7 no-js\" id=\"wpcf7-f619-o1\" lang=\"hr\" dir=\"ltr\" data-wpcf7-id=\"619\">\n<div class=\"screen-reader-response\"><p role=\"status\" aria-live=\"polite\" aria-atomic=\"true\"><\/p> <ul><\/ul><\/div>\n<form action=\"\/en\/wp-json\/wp\/v2\/pages\/621#wpcf7-f619-o1\" method=\"post\" class=\"wpcf7-form init\" aria-label=\"Kontakt obrazac\" novalidate=\"novalidate\" data-status=\"init\">\n<fieldset class=\"hidden-fields-container\"><input type=\"hidden\" name=\"_wpcf7\" value=\"619\" \/><input type=\"hidden\" name=\"_wpcf7_version\" value=\"6.1.5\" \/><input type=\"hidden\" name=\"_wpcf7_locale\" value=\"hr\" \/><input type=\"hidden\" name=\"_wpcf7_unit_tag\" value=\"wpcf7-f619-o1\" \/><input type=\"hidden\" name=\"_wpcf7_container_post\" value=\"0\" \/><input type=\"hidden\" name=\"_wpcf7_posted_data_hash\" value=\"\" \/><input type=\"hidden\" name=\"_wpcf7dtx_version\" value=\"5.0.5\" \/><input type=\"hidden\" name=\"_wpcf7_recaptcha_response\" value=\"\" \/>\n<\/fieldset>\n<div class=\"container-fluid\">\n    <div class=\"row\">\n        <div class=\"col-md-4 content\">\n            <p class=\"mb-5 mb-md-0-\">Move On Mobility Solutions d.o.o.<br>Ljubljanska avenija 4, 10090 Zagreb, Croatia<br>OIB 55717073948, IBAN HR5823600001102734417<br><a href=\"mailto:info@mooveon.hr\" target=\"_blank\">info@mooveon.hr<\/a><\/p>\n            <p class=\"mb-5 mb-md-0-\">Users office<br>Kovinska Street 20<br>10 000 Zagreb<\/p>\n            <p class=\"mb-5 mb-md-0-\">For all information about service and maintenance of Moove On vehicles, please contact us at <a href=\"mailto:podrska@mooveon.hr\" target=\"_blank\">podrska@mooveon.hr<\/a>.<\/p>\n            <p class=\"mb-5 mb-md-0-\">You can request long-term vehicle rental offers as well as all information about Moove On services at <a href=\"mailto:info@mooveon.hr\" target=\"_blank\">info@mooveon.hr<\/a>.<\/p>\n            <p class=\"mb-5 mb-md-0- d-none\">Za sve informacije o na\u0161oj ponudi i Moove On uslugama molimo kontaktirajte:<br><br><strong>Jakov Sedlar<\/strong><br><em>Sales Manager<\/em><br>Mob. +385 91 37 10 502<br>E-mail: <a href=\"mailto:jakov.sedlar@mooveon.hr\" target=\"_blank\">jakov.sedlar@mooveon.hr<\/a><\/p>\n            <p class=\"mb-5 mb-md-0\">We are at your disposal on weekdays from 9 a.m. to 5 p.m.<\/p>\n        <\/div>\n        <div class=\"col-md-4 content d-none\">\n            <p class=\"mb-5 mb-md-0-\">Move On Mobility Solutions d.o.o.<br>Ljubljanska avenija 4, 10090 Zagreb, Croatia<br>VAT NO. 55717073948, IBAN HR5823600001102734417<br><a href=\"mailto:info@mooveon.hr\" target=\"_blank\">info@mooveon.hr<\/a><\/p>\n            <p class=\"mb-5 mb-md-0-\">For further information on service and maintenance of Moove On vehicles please contact:<br><br><strong>Daniel Komar<\/strong><br><em>Aftersales Manager<\/em><br>Email: <a href=\"mailto:daniel.komar@mooveon.hr\" target=\"_blank\">daniel.komar@mooveon.hr<\/a><br><br><strong>Sini\u0161a Vu\u010dkovi\u0107<\/strong><br><em>Sales Manager<\/em><br>Email: <a href=\"mailto:sinisa.vuckovic@mooveon.hr\" target=\"_blank\">sinisa.vuckovic@mooveon.hr<\/a><\/p>\n            <p class=\"mb-5 mb-md-0- d-none\">For further information on our latest offers and Moove On services please contact:<br><br><strong>Jakov Sedlar<\/strong><br><em>Sales Manager<\/em><br>Phone: +385 91 37 10 502<br>E-mail: <a href=\"mailto:jakov.sedlar@mooveon.hr\" target=\"_blank\">jakov.sedlar@mooveon.hr<\/a><\/p>\n            <p class=\"mb-5 mb-md-0\">We are at your disposal on weekdays from 9am to 5pm.<br>You can also send all of your inquiries to us via e-mail: <a href=\"mailto:info@mooveon.hr\" target=\"_blank\">info@mooveon.hr<\/a>.<\/p>\n        <\/div>\n        <div class=\"col-md-8 form-content\">\n\n            <div class=\"container-fluid\">\n                <div class=\"row\">\n\n                    <div class=\"col-md-6\">\n                        <label for=\"ime\">First & last name<\/label>\n                        <p><span class=\"wpcf7-form-control-wrap\" data-name=\"your-name\"><input size=\"40\" maxlength=\"400\" class=\"wpcf7-form-control wpcf7-text wpcf7-validates-as-required\" id=\"ime\" aria-required=\"true\" aria-invalid=\"false\" value=\"\" type=\"text\" name=\"your-name\" \/><\/span><\/p>\n                    <\/div>\n\n                    <div class=\"col-md-6\">\n                        <label for=\"email\">E-mail<\/label>\n                        <p><span class=\"wpcf7-form-control-wrap\" data-name=\"your-email\"><input size=\"40\" maxlength=\"400\" class=\"wpcf7-form-control wpcf7-email wpcf7-validates-as-required wpcf7-text wpcf7-validates-as-email\" id=\"email\" aria-required=\"true\" aria-invalid=\"false\" value=\"\" type=\"email\" name=\"your-email\" \/><\/span><\/p>\n                    <\/div>\n\n                    <div class=\"col-md-6\">\n                        <label for=\"naslov\">Subject<\/label>\n                        <p><span class=\"wpcf7-form-control-wrap\" data-name=\"your-subject\"><input size=\"40\" maxlength=\"400\" class=\"wpcf7-form-control wpcf7-text wpcf7-validates-as-required\" id=\"naslov\" aria-required=\"true\" aria-invalid=\"false\" value=\"\" type=\"text\" name=\"your-subject\" \/><\/span><\/p>\n                    <\/div>\n\n                    <div class=\"col-12\">\n                        <label for=\"poruka\">Message<\/label>\n                        <p><span class=\"wpcf7-form-control-wrap\" data-name=\"your-message\"><textarea cols=\"40\" rows=\"10\" maxlength=\"2000\" class=\"wpcf7-form-control wpcf7-textarea wpcf7-validates-as-required\" id=\"poruka\" aria-required=\"true\" aria-invalid=\"false\" name=\"your-message\"><\/textarea><\/span><\/p>\n                    <\/div>\n\n                    <div class=\"col-12\">\n                        <p><span class=\"wpcf7-form-control-wrap\" data-name=\"acceptance-633\"><span class=\"wpcf7-form-control wpcf7-acceptance\"><span class=\"wpcf7-list-item\"><label><input type=\"checkbox\" name=\"acceptance-633\" value=\"1\" aria-invalid=\"false\" \/><span class=\"wpcf7-list-item-label\">I confirm that I have read and understood <a href=\"https:\/\/www.mooveon.hr\/en\/privacy-policy\/\" target=\"_blank\">Privacy Policy<\/a>.<\/span><\/label><\/span><\/span><\/span><\/p>\n                        <p><span id=\"wpcf7-69f8b8ad322e4-wrapper\" class=\"wpcf7-form-control-wrap honeypot-177-wrap\" style=\"display:none !important; visibility:hidden !important;\"><label for=\"wpcf7-69f8b8ad322e4-field\" class=\"hp-message\">Please leave this field empty.<\/label><input id=\"wpcf7-69f8b8ad322e4-field\"  class=\"wpcf7-form-control wpcf7-text\" type=\"text\" name=\"honeypot-177\" value=\"\" size=\"40\" tabindex=\"-1\" autocomplete=\"new-password\" \/><\/span><input class=\"wpcf7-form-control wpcf7-submit has-spinner\" type=\"submit\" value=\"Send\" \/><\/p>\n                    <\/div>\n\n                <\/div>\n            <\/div>\n            \n        <\/div>\n    <\/div>\n<\/div>\n\n<style>.wpcf7 form.init .wpcf7-response-output{display:none;}<\/style>\n<script>\ndocument.addEventListener( 'wpcf7mailsent', function( event ) {\n  location = 'https:\/\/www.mooveon.hr\/thank-you\/';\n}, false );\n<\/script><div class=\"wpcf7-response-output\" aria-hidden=\"true\"><\/div>\n<\/form>\n<\/div>\n\n\n\n\n<div style=\"height:40px\" aria-hidden=\"true\" class=\"wp-block-spacer\"><\/div>\n\n\n\n<h3 class=\"mb-4 wp-block-heading\">MOOVE ON ROADSIDE ASSISTANCE<\/h3>\n\n\n\n<div class=\"wp-block-group\"><div class=\"wp-block-group__inner-container is-layout-constrained wp-block-group-is-layout-constrained\">\n<p>With MOOVE ON Assistance, you travel safely at all times.<br>We are at your disposal in unforeseen and urgent situations in Croatia and throughout Europe, 24 hours a day and 7 days a week.<\/p>\n\n\n\n<p class=\"w-100\">In Croatia: <strong>0800 5005<\/strong> (free calls to the number)<br>Abroad: <strong>+385 1 4693 710<\/strong><\/p>\n<\/div><\/div>\n","protected":false},"excerpt":{"rendered":"<p>Moove On team is here for you. Ask us whatever you would like to know about inovative solutions for your carefree driving experience. MOOVE ON ROADSIDE ASSISTANCE With MOOVE ON Assistance, you travel safely at all times.We are at your disposal in unforeseen and urgent situations in Croatia and throughout Europe, 24 hours a day<\/p>\n","protected":false},"author":1,"featured_media":0,"parent":0,"menu_order":0,"comment_status":"closed","ping_status":"closed","template":"page-templates\/kontakt.php","meta":{"_acf_changed":false,"footnotes":""},"class_list":["post-621","page","type-page","status-publish","hentry"],"acf":[],"yoast_head":"<!-- This site is optimized with the Yoast SEO plugin v27.5 - https:\/\/yoast.com\/product\/yoast-seo-wordpress\/ -->\n<title>Contact - Moove On<\/title>\n<meta name=\"description\" content=\"Move On Mobility Solutions d.o.o.Ljubljanska avenija 4, 10090 Zagreb, Croatia. Contact mail: info@mooveon.hr\" \/>\n<meta name=\"robots\" content=\"index, follow, max-snippet:-1, max-image-preview:large, max-video-preview:-1\" \/>\n<link rel=\"canonical\" href=\"https:\/\/www.mooveon.hr\/en\/contact\/\" \/>\n<meta property=\"og:locale\" content=\"en_US\" \/>\n<meta property=\"og:type\" content=\"article\" \/>\n<meta property=\"og:title\" content=\"Contact - Moove On\" \/>\n<meta property=\"og:description\" content=\"Move On Mobility Solutions d.o.o.Ljubljanska avenija 4, 10090 Zagreb, Croatia. Contact mail: info@mooveon.hr\" \/>\n<meta property=\"og:url\" content=\"https:\/\/www.mooveon.hr\/en\/contact\/\" \/>\n<meta property=\"og:site_name\" content=\"Moove On\" \/>\n<meta property=\"article:modified_time\" content=\"2024-02-23T11:08:02+00:00\" \/>\n<meta name=\"twitter:card\" content=\"summary_large_image\" \/>\n<meta name=\"twitter:label1\" content=\"Est. reading time\" \/>\n\t<meta name=\"twitter:data1\" content=\"1 minute\" \/>\n<script type=\"application\/ld+json\" class=\"yoast-schema-graph\">{\"@context\":\"https:\\\/\\\/schema.org\",\"@graph\":[{\"@type\":\"WebPage\",\"@id\":\"https:\\\/\\\/www.mooveon.hr\\\/en\\\/contact\\\/\",\"url\":\"https:\\\/\\\/www.mooveon.hr\\\/en\\\/contact\\\/\",\"name\":\"Contact - Moove On\",\"isPartOf\":{\"@id\":\"https:\\\/\\\/www.mooveon.hr\\\/en\\\/#website\"},\"datePublished\":\"2019-05-09T08:55:31+00:00\",\"dateModified\":\"2024-02-23T11:08:02+00:00\",\"description\":\"Move On Mobility Solutions d.o.o.Ljubljanska avenija 4, 10090 Zagreb, Croatia. Contact mail: info@mooveon.hr\",\"breadcrumb\":{\"@id\":\"https:\\\/\\\/www.mooveon.hr\\\/en\\\/contact\\\/#breadcrumb\"},\"inLanguage\":\"en-US\",\"potentialAction\":[{\"@type\":\"ReadAction\",\"target\":[\"https:\\\/\\\/www.mooveon.hr\\\/en\\\/contact\\\/\"]}]},{\"@type\":\"BreadcrumbList\",\"@id\":\"https:\\\/\\\/www.mooveon.hr\\\/en\\\/contact\\\/#breadcrumb\",\"itemListElement\":[{\"@type\":\"ListItem\",\"position\":1,\"name\":\"Po\u010detna stranica\",\"item\":\"https:\\\/\\\/www.mooveon.hr\\\/\"},{\"@type\":\"ListItem\",\"position\":2,\"name\":\"Contact\"}]},{\"@type\":\"WebSite\",\"@id\":\"https:\\\/\\\/www.mooveon.hr\\\/en\\\/#website\",\"url\":\"https:\\\/\\\/www.mooveon.hr\\\/en\\\/\",\"name\":\"Moove On\",\"description\":\"Inovativna mobilnost\",\"publisher\":{\"@id\":\"https:\\\/\\\/www.mooveon.hr\\\/en\\\/#organization\"},\"potentialAction\":[{\"@type\":\"SearchAction\",\"target\":{\"@type\":\"EntryPoint\",\"urlTemplate\":\"https:\\\/\\\/www.mooveon.hr\\\/en\\\/?s={search_term_string}\"},\"query-input\":{\"@type\":\"PropertyValueSpecification\",\"valueRequired\":true,\"valueName\":\"search_term_string\"}}],\"inLanguage\":\"en-US\"},{\"@type\":\"Organization\",\"@id\":\"https:\\\/\\\/www.mooveon.hr\\\/en\\\/#organization\",\"name\":\"Move On Mobility Solutions d.o.o.\",\"url\":\"https:\\\/\\\/www.mooveon.hr\\\/en\\\/\",\"logo\":{\"@type\":\"ImageObject\",\"inLanguage\":\"en-US\",\"@id\":\"https:\\\/\\\/www.mooveon.hr\\\/en\\\/#\\\/schema\\\/logo\\\/image\\\/\",\"url\":\"https:\\\/\\\/www.mooveon.hr\\\/wp-content\\\/uploads\\\/2019\\\/04\\\/logo-508.png\",\"contentUrl\":\"https:\\\/\\\/www.mooveon.hr\\\/wp-content\\\/uploads\\\/2019\\\/04\\\/logo-508.png\",\"width\":508,\"height\":100,\"caption\":\"Move On Mobility Solutions d.o.o.\"},\"image\":{\"@id\":\"https:\\\/\\\/www.mooveon.hr\\\/en\\\/#\\\/schema\\\/logo\\\/image\\\/\"}}]}<\/script>\n<!-- \/ Yoast SEO plugin. -->","yoast_head_json":{"title":"Contact - Moove On","description":"Move On Mobility Solutions d.o.o.Ljubljanska avenija 4, 10090 Zagreb, Croatia. Contact mail: info@mooveon.hr","robots":{"index":"index","follow":"follow","max-snippet":"max-snippet:-1","max-image-preview":"max-image-preview:large","max-video-preview":"max-video-preview:-1"},"canonical":"https:\/\/www.mooveon.hr\/en\/contact\/","og_locale":"en_US","og_type":"article","og_title":"Contact - Moove On","og_description":"Move On Mobility Solutions d.o.o.Ljubljanska avenija 4, 10090 Zagreb, Croatia. Contact mail: info@mooveon.hr","og_url":"https:\/\/www.mooveon.hr\/en\/contact\/","og_site_name":"Moove On","article_modified_time":"2024-02-23T11:08:02+00:00","twitter_card":"summary_large_image","twitter_misc":{"Est. reading time":"1 minute"},"schema":{"@context":"https:\/\/schema.org","@graph":[{"@type":"WebPage","@id":"https:\/\/www.mooveon.hr\/en\/contact\/","url":"https:\/\/www.mooveon.hr\/en\/contact\/","name":"Contact - Moove On","isPartOf":{"@id":"https:\/\/www.mooveon.hr\/en\/#website"},"datePublished":"2019-05-09T08:55:31+00:00","dateModified":"2024-02-23T11:08:02+00:00","description":"Move On Mobility Solutions d.o.o.Ljubljanska avenija 4, 10090 Zagreb, Croatia. Contact mail: info@mooveon.hr","breadcrumb":{"@id":"https:\/\/www.mooveon.hr\/en\/contact\/#breadcrumb"},"inLanguage":"en-US","potentialAction":[{"@type":"ReadAction","target":["https:\/\/www.mooveon.hr\/en\/contact\/"]}]},{"@type":"BreadcrumbList","@id":"https:\/\/www.mooveon.hr\/en\/contact\/#breadcrumb","itemListElement":[{"@type":"ListItem","position":1,"name":"Po\u010detna stranica","item":"https:\/\/www.mooveon.hr\/"},{"@type":"ListItem","position":2,"name":"Contact"}]},{"@type":"WebSite","@id":"https:\/\/www.mooveon.hr\/en\/#website","url":"https:\/\/www.mooveon.hr\/en\/","name":"Moove On","description":"Inovativna mobilnost","publisher":{"@id":"https:\/\/www.mooveon.hr\/en\/#organization"},"potentialAction":[{"@type":"SearchAction","target":{"@type":"EntryPoint","urlTemplate":"https:\/\/www.mooveon.hr\/en\/?s={search_term_string}"},"query-input":{"@type":"PropertyValueSpecification","valueRequired":true,"valueName":"search_term_string"}}],"inLanguage":"en-US"},{"@type":"Organization","@id":"https:\/\/www.mooveon.hr\/en\/#organization","name":"Move On Mobility Solutions d.o.o.","url":"https:\/\/www.mooveon.hr\/en\/","logo":{"@type":"ImageObject","inLanguage":"en-US","@id":"https:\/\/www.mooveon.hr\/en\/#\/schema\/logo\/image\/","url":"https:\/\/www.mooveon.hr\/wp-content\/uploads\/2019\/04\/logo-508.png","contentUrl":"https:\/\/www.mooveon.hr\/wp-content\/uploads\/2019\/04\/logo-508.png","width":508,"height":100,"caption":"Move On Mobility Solutions d.o.o."},"image":{"@id":"https:\/\/www.mooveon.hr\/en\/#\/schema\/logo\/image\/"}}]}},"_links":{"self":[{"href":"https:\/\/www.mooveon.hr\/en\/wp-json\/wp\/v2\/pages\/621","targetHints":{"allow":["GET"]}}],"collection":[{"href":"https:\/\/www.mooveon.hr\/en\/wp-json\/wp\/v2\/pages"}],"about":[{"href":"https:\/\/www.mooveon.hr\/en\/wp-json\/wp\/v2\/types\/page"}],"author":[{"embeddable":true,"href":"https:\/\/www.mooveon.hr\/en\/wp-json\/wp\/v2\/users\/1"}],"replies":[{"embeddable":true,"href":"https:\/\/www.mooveon.hr\/en\/wp-json\/wp\/v2\/comments?post=621"}],"version-history":[{"count":5,"href":"https:\/\/www.mooveon.hr\/en\/wp-json\/wp\/v2\/pages\/621\/revisions"}],"predecessor-version":[{"id":18948,"href":"https:\/\/www.mooveon.hr\/en\/wp-json\/wp\/v2\/pages\/621\/revisions\/18948"}],"wp:attachment":[{"href":"https:\/\/www.mooveon.hr\/en\/wp-json\/wp\/v2\/media?parent=621"}],"curies":[{"name":"wp","href":"https:\/\/api.w.org\/{rel}","templated":true}]}}